{"id":2530,"date":"2009-11-12T12:50:00","date_gmt":"2009-11-12T19:50:00","guid":{"rendered":"http:\/\/www.pointcomprod.com\/test\/developpement-entreprises-consulting-formation-2\/"},"modified":"2021-07-16T10:07:06","modified_gmt":"2021-07-16T09:07:06","slug":"developpement-entreprises-consulting-formation","status":"publish","type":"page","link":"http:\/\/michaelabergel.com\/en\/developpement-entreprises-consulting-formation\/","title":{"rendered":"A Propos"},"content":{"rendered":"\t\t\t<style type=\"text\/css\">\n\t\t\t\t#content-block-background-1523 { background-image: url(http:\/\/michaelabergel.com\/wp-content\/uploads\/2015\/01\/a-propos.jpg); background-position: center center; background-repeat: repeat; background-color: #eee; background-attachment: fixed; background-size: auto; }\n\t\t\t\t#content-block-body-1523 { padding: 100px 0 100px; color: #333333; }\n\t\t\t\t.content-block-body { margin-left: auto; margin-right: auto; position: relative; }\n\t\t\t<\/style>\n\t\t\t\t\t\t\t<style type=\"text\/css\">\n\t\t\t\t\t#wrapper-1 { overflow-x: hidden; }\n\t\t\t\t\t#content-block-background-1523 { margin: 0 -10000px; padding: 0 10000px; }\n\t\t\t\t<\/style>\n\t\t\t\n\t\t\t\n\t\t\t<div class=\"clear\"><\/div>\n\t\t\t<div id=\"content-block-background-1523\" class=\"content-block-background no-gap\">\n\t\t\t\t<div id=\"content-block-body-1523\" class=\"content-block-body\">\n\t\t\t\t\t<div class=\"clear\"><\/div>\n\t\t\t\t\t\n<h2 style=\"text-align: center;\">Pour franchir une prochaine \u00e9tape dans le d\u00e9veloppement de votre entreprise<\/h2>\n<p>Chaque business est unique.<\/p>\n<p>Les d\u00e9fis, les opportunit\u00e9s et la structure de chaque entreprise sont d\u2019une fa\u00e7on ou d\u2019une autre diff\u00e9rent des concurrents. Une approche unique est essentielle lorsqu\u2019une entreprise travaille \u00e0 la r\u00e9solution d\u2019une probl\u00e9matique qui la freine dans son d\u00e9veloppement ou qu\u2019elle \u00e9value sa rentabilit\u00e9 \u00e9conomique et les opportunit\u00e9s \u00e0 venir.<\/p>\n<p>Le consulting permet aux entreprises de mettre \u00e0 disposition des conseils d\u2019experts et de Business Developers et de leurs faciliter une aide pour aider les entreprises \u00e0 aborder ces questions.<\/p>\n<p>Nos services vous permettent de mobiliser diff\u00e9rents moyens et de vous aider \u00e0 rendre votre business plus efficace et plus profitable. Depuis 2010, nous y parvenons en accompagnant les entreprises dans la r\u00e9solution de leurs probl\u00e9matiques li\u00e9es \u00e0 un manque de ressources, d\u2019expertises ou quand un point de vue diff\u00e9rent est n\u00e9cessaire.<\/p>\n<p>Nous fournissons aux entreprises des solutions sur mesure et op\u00e9rationnelles dans le domaine Marketing et Commercial. Tous nos services de conseils sont construits autour d\u2019une forte relation client de confiance, d&#8217;une intervention op\u00e9rationnelle rapide et b\u00e9n\u00e9ficient d&#8217;une &#8216;satisfaction totale&#8217;.<br \/>\n\t\t\t\t\t<div class=\"clear\"><\/div>\n\t\t\t\t<\/div>\n\t\t\t<\/div>\n\t\t\t<div class=\"clear\"><\/div>\n\t\t\t\n<div style='text-align:center' class='yasr-auto-insert-visitor'><\/div>","protected":false},"excerpt":{"rendered":"Pour franchir une prochaine \u00e9tape dans le d\u00e9veloppement de votre entreprise Chaque business est unique. Les d\u00e9fis, les opportunit\u00e9s et la structure de chaque entreprise sont d\u2019une fa\u00e7on ou d\u2019une autre diff\u00e9rent des concurrents. Une approche unique est essentielle lorsqu\u2019une entreprise travaille \u00e0 la r\u00e9solution d\u2019une probl\u00e9matique","protected":false},"author":2,"featured_media":0,"parent":0,"menu_order":0,"comment_status":"open","ping_status":"open","template":"page-FullWidth.php","meta":{"yasr_overall_rating":0,"yasr_post_is_review":"","yasr_auto_insert_disabled":"","yasr_review_type":"","footnotes":""},"class_list":["post-2530","page","type-page","status-publish","hentry"],"aioseo_notices":[],"yasr_visitor_votes":{"stars_attributes":{"read_only":false,"span_bottom":false},"number_of_votes":0,"sum_votes":0},"_links":{"self":[{"href":"http:\/\/michaelabergel.com\/en\/wp-json\/wp\/v2\/pages\/2530","targetHints":{"allow":["GET"]}}],"collection":[{"href":"http:\/\/michaelabergel.com\/en\/wp-json\/wp\/v2\/pages"}],"about":[{"href":"http:\/\/michaelabergel.com\/en\/wp-json\/wp\/v2\/types\/page"}],"author":[{"embeddable":true,"href":"http:\/\/michaelabergel.com\/en\/wp-json\/wp\/v2\/users\/2"}],"replies":[{"embeddable":true,"href":"http:\/\/michaelabergel.com\/en\/wp-json\/wp\/v2\/comments?post=2530"}],"version-history":[{"count":29,"href":"http:\/\/michaelabergel.com\/en\/wp-json\/wp\/v2\/pages\/2530\/revisions"}],"predecessor-version":[{"id":3260,"href":"http:\/\/michaelabergel.com\/en\/wp-json\/wp\/v2\/pages\/2530\/revisions\/3260"}],"wp:attachment":[{"href":"http:\/\/michaelabergel.com\/en\/wp-json\/wp\/v2\/media?parent=2530"}],"curies":[{"name":"wp","href":"https:\/\/api.w.org\/{rel}","templated":true}]}}